{"id":248,"date":"2025-12-24T11:12:56","date_gmt":"2025-12-24T14:12:56","guid":{"rendered":"https:\/\/e-arke.com\/?page_id=248"},"modified":"2025-12-24T14:01:51","modified_gmt":"2025-12-24T17:01:51","slug":"nossos-servicos","status":"publish","type":"page","link":"https:\/\/e-arke.com\/?page_id=248","title":{"rendered":"Nossos Servi\u00e7os"},"content":{"rendered":"\t\t<div data-elementor-type=\"wp-page\" data-elementor-id=\"248\" class=\"elementor elementor-248\" data-elementor-post-type=\"page\">\n\t\t\t\t<div class=\"elementor-element elementor-element-c1a547b e-flex e-con-boxed e-con e-parent\" data-id=\"c1a547b\" data-element_type=\"container\" data-e-type=\"container\" data-settings=\"{&quot;background_background&quot;:&quot;classic&quot;}\">\n\t\t\t\t\t<div class=\"e-con-inner\">\n\t\t\t\t<div class=\"elementor-element elementor-element-d58f5ea elementor-widget__width-initial elementor-widget elementor-widget-heading\" data-id=\"d58f5ea\" data-element_type=\"widget\" data-e-type=\"widget\" data-widget_type=\"heading.default\">\n\t\t\t\t\t<h2 class=\"elementor-heading-title elementor-size-default\">Solu\u00e7\u00f5es completas para cada etapa do ciclo imobili\u00e1rio<\/h2>\t\t\t\t<\/div>\n\t\t\t\t<div class=\"elementor-element elementor-element-e0d25f0 elementor-widget__width-initial elementor-widget elementor-widget-text-editor\" data-id=\"e0d25f0\" data-element_type=\"widget\" data-e-type=\"widget\" data-widget_type=\"text-editor.default\">\n\t\t\t\t\t\t\t\t\tDa auditoria de contratos \u00e0 cobran\u00e7a e relacionamento com o cliente, a Arke atua em todas as fases do cr\u00e9dito imobili\u00e1rio.\t\t\t\t\t\t\t\t<\/div>\n\t\t\t\t<div class=\"elementor-element elementor-element-f91ea7d elementor-align-justify elementor-widget__width-initial elementor-widget elementor-widget-button\" data-id=\"f91ea7d\" data-element_type=\"widget\" data-e-type=\"widget\" data-widget_type=\"button.default\">\n\t\t\t\t\t\t\t\t\t\t<a class=\"elementor-button elementor-button-link elementor-size-sm\" href=\"https:\/\/e-arke.com\/?page_id=324\">\n\t\t\t\t\t\t<span class=\"elementor-button-content-wrapper\">\n\t\t\t\t\t\t\t\t\t<span class=\"elementor-button-text\">FALE CONOSCO<\/span>\n\t\t\t\t\t<\/span>\n\t\t\t\t\t<\/a>\n\t\t\t\t\t\t\t\t<\/div>\n\t\t\t\t\t<\/div>\n\t\t\t\t<\/div>\n\t\t<div class=\"elementor-element elementor-element-0f45aec e-flex e-con-boxed e-con e-parent\" data-id=\"0f45aec\" data-element_type=\"container\" data-e-type=\"container\">\n\t\t\t\t\t<div class=\"e-con-inner\">\n\t\t\t\t<div class=\"elementor-element elementor-element-fd57742 elementor-widget elementor-widget-text-editor\" data-id=\"fd57742\" data-element_type=\"widget\" data-e-type=\"widget\" data-widget_type=\"text-editor.default\">\n\t\t\t\t\t\t\t\t\t1\t\t\t\t\t\t\t\t<\/div>\n\t\t\t\t\t<\/div>\n\t\t\t\t<\/div>\n\t\t<div class=\"elementor-element elementor-element-596ec9d e-flex e-con-boxed e-con e-parent\" data-id=\"596ec9d\" data-element_type=\"container\" data-e-type=\"container\" data-settings=\"{&quot;background_background&quot;:&quot;classic&quot;}\">\n\t\t\t\t\t<div class=\"e-con-inner\">\n\t\t\t\t<div class=\"elementor-element elementor-element-7757ca3 elementor-widget__width-initial elementor-widget elementor-widget-heading\" data-id=\"7757ca3\" data-element_type=\"widget\" data-e-type=\"widget\" data-widget_type=\"heading.default\">\n\t\t\t\t\t<h2 class=\"elementor-heading-title elementor-size-default\">Plataforma para Gest\u00e3o de Carteira de Receb\u00edveis<\/h2>\t\t\t\t<\/div>\n\t\t\t\t<div class=\"elementor-element elementor-element-066c53b elementor-widget__width-initial elementor-widget elementor-widget-text-editor\" data-id=\"066c53b\" data-element_type=\"widget\" data-e-type=\"widget\" data-widget_type=\"text-editor.default\">\n\t\t\t\t\t\t\t\t\tGest\u00e3o completa da Carteira com Dashboard de acompanhamento em tempo real\t\t\t\t\t\t\t\t<\/div>\n\t\t\t\t<div class=\"elementor-element elementor-element-73d7e13 elementor-widget__width-initial elementor-widget elementor-widget-text-editor\" data-id=\"73d7e13\" data-element_type=\"widget\" data-e-type=\"widget\" data-widget_type=\"text-editor.default\">\n\t\t\t\t\t\t\t\t\tConta Digital espec\u00edfica para cada empreendimento e ancorada em uma das maiores plataformas de open banking.\t\t\t\t\t\t\t\t<\/div>\n\t\t\t\t<div class=\"elementor-element elementor-element-7172adf elementor-widget__width-initial elementor-widget elementor-widget-text-editor\" data-id=\"7172adf\" data-element_type=\"widget\" data-e-type=\"widget\" data-widget_type=\"text-editor.default\">\n\t\t\t\t\t\t\t\t\tDisponibilidade das informa\u00e7\u00f5es referentes aos receb\u00edveis, com alta granularidade\t\t\t\t\t\t\t\t<\/div>\n\t\t\t\t<div class=\"elementor-element elementor-element-6a38528 elementor-widget__width-initial elementor-widget elementor-widget-text-editor\" data-id=\"6a38528\" data-element_type=\"widget\" data-e-type=\"widget\" data-widget_type=\"text-editor.default\">\n\t\t\t\t\t\t\t\t\tConcilia\u00e7\u00e3o Banc\u00e1ria automatizada\t\t\t\t\t\t\t\t<\/div>\n\t\t\t\t<div class=\"elementor-element elementor-element-04db703 elementor-widget__width-initial elementor-widget elementor-widget-text-editor\" data-id=\"04db703\" data-element_type=\"widget\" data-e-type=\"widget\" data-widget_type=\"text-editor.default\">\n\t\t\t\t\t\t\t\t\tConectividade e integra\u00e7\u00e3o com principais Bancos e Plataforma ERP do mercado imobili\u00e1rio.\t\t\t\t\t\t\t\t<\/div>\n\t\t\t\t\t<\/div>\n\t\t\t\t<\/div>\n\t\t<div class=\"elementor-element elementor-element-24403d5 e-flex e-con-boxed e-con e-parent\" data-id=\"24403d5\" data-element_type=\"container\" data-e-type=\"container\">\n\t\t\t\t\t<div class=\"e-con-inner\">\n\t\t\t\t<div class=\"elementor-element elementor-element-fb97c34 elementor-widget elementor-widget-text-editor\" data-id=\"fb97c34\" data-element_type=\"widget\" data-e-type=\"widget\" data-widget_type=\"text-editor.default\">\n\t\t\t\t\t\t\t\t\t<p>Lorem ipsum dolor sit amet, consectetur adipiscing elit. Ut elit tellus, luctus nec ullamcorper mattis, pulvinar dapibus leo.<\/p>\t\t\t\t\t\t\t\t<\/div>\n\t\t\t\t\t<\/div>\n\t\t\t\t<\/div>\n\t\t<div class=\"elementor-element elementor-element-87e25c2 e-flex e-con-boxed e-con e-parent\" data-id=\"87e25c2\" data-element_type=\"container\" data-e-type=\"container\" data-settings=\"{&quot;background_background&quot;:&quot;classic&quot;}\">\n\t\t\t\t\t<div class=\"e-con-inner\">\n\t\t\t\t<div class=\"elementor-element elementor-element-527c109 elementor-widget__width-initial elementor-widget elementor-widget-heading\" data-id=\"527c109\" data-element_type=\"widget\" data-e-type=\"widget\" data-widget_type=\"heading.default\">\n\t\t\t\t\t<h2 class=\"elementor-heading-title elementor-size-default\">Cobran\u00e7a Automatizada e Recupera\u00e7\u00e3o de Cr\u00e9dito<\/h2>\t\t\t\t<\/div>\n\t\t\t\t<div class=\"elementor-element elementor-element-ded6b21 elementor-widget__width-initial elementor-widget elementor-widget-text-editor\" data-id=\"ded6b21\" data-element_type=\"widget\" data-e-type=\"widget\" data-widget_type=\"text-editor.default\">\n\t\t\t\t\t\t\t\t\tAtua\u00e7\u00e3o diferenciada na recupera\u00e7\u00e3o de cr\u00e9dito e com alta efici\u00eancia. Processo integrado com estrutura de cobran\u00e7a, sem perda de conhecimento.\t\t\t\t\t\t\t\t<\/div>\n\t\t\t\t<div class=\"elementor-element elementor-element-996e622 elementor-widget__width-initial elementor-widget elementor-widget-text-editor\" data-id=\"996e622\" data-element_type=\"widget\" data-e-type=\"widget\" data-widget_type=\"text-editor.default\">\n\t\t\t\t\t\t\t\t\tR\u00e9gua de cobran\u00e7a customizada, automatizada e multicanais.\t\t\t\t\t\t\t\t<\/div>\n\t\t\t\t<div class=\"elementor-element elementor-element-3a689cf elementor-widget__width-initial elementor-widget elementor-widget-text-editor\" data-id=\"3a689cf\" data-element_type=\"widget\" data-e-type=\"widget\" data-widget_type=\"text-editor.default\">\n\t\t\t\t\t\t\t\t\tEquipe jur\u00eddica especializada em direito imobili\u00e1rio\t\t\t\t\t\t\t\t<\/div>\n\t\t\t\t<div class=\"elementor-element elementor-element-86ff824 elementor-widget__width-initial elementor-widget elementor-widget-text-editor\" data-id=\"86ff824\" data-element_type=\"widget\" data-e-type=\"widget\" data-widget_type=\"text-editor.default\">\n\t\t\t\t\t\t\t\t\tUso Extensivo de ferramentas Jur\u00eddicas.\t\t\t\t\t\t\t\t<\/div>\n\t\t\t\t<div class=\"elementor-element elementor-element-a9e9842 elementor-widget__width-initial elementor-widget elementor-widget-text-editor\" data-id=\"a9e9842\" data-element_type=\"widget\" data-e-type=\"widget\" data-widget_type=\"text-editor.default\">\n\t\t\t\t\t\t\t\t\tExecu\u00e7\u00e3o de aliena\u00e7\u00e3o Fiduci\u00e1ria e Leil\u00e3o extrajudicial.\t\t\t\t\t\t\t\t<\/div>\n\t\t\t\t\t<\/div>\n\t\t\t\t<\/div>\n\t\t<div class=\"elementor-element elementor-element-9931b85 e-flex e-con-boxed e-con e-parent\" data-id=\"9931b85\" data-element_type=\"container\" data-e-type=\"container\">\n\t\t\t\t\t<div class=\"e-con-inner\">\n\t\t\t\t<div class=\"elementor-element elementor-element-ef1df77 elementor-widget elementor-widget-text-editor\" data-id=\"ef1df77\" data-element_type=\"widget\" data-e-type=\"widget\" data-widget_type=\"text-editor.default\">\n\t\t\t\t\t\t\t\t\tLorem ipsum dolor sit amet, consectetur adipiscing elit. Ut elit tellus, luctus nec ullamcorper mattis, pulvinar dapibus leo.\t\t\t\t\t\t\t\t<\/div>\n\t\t\t\t\t<\/div>\n\t\t\t\t<\/div>\n\t\t<div class=\"elementor-element elementor-element-f18b48d e-flex e-con-boxed e-con e-parent\" data-id=\"f18b48d\" data-element_type=\"container\" data-e-type=\"container\" data-settings=\"{&quot;background_background&quot;:&quot;classic&quot;}\">\n\t\t\t\t\t<div class=\"e-con-inner\">\n\t\t\t\t<div class=\"elementor-element elementor-element-df86c2d elementor-widget__width-initial elementor-widget elementor-widget-heading\" data-id=\"df86c2d\" data-element_type=\"widget\" data-e-type=\"widget\" data-widget_type=\"heading.default\">\n\t\t\t\t\t<h2 class=\"elementor-heading-title elementor-size-default\">Suporte para opera\u00e7\u00f5es de Capta\u00e7\u00e3o de Recursos<\/h2>\t\t\t\t<\/div>\n\t\t\t\t<div class=\"elementor-element elementor-element-c31ab5d elementor-widget__width-initial elementor-widget elementor-widget-text-editor\" data-id=\"c31ab5d\" data-element_type=\"widget\" data-e-type=\"widget\" data-widget_type=\"text-editor.default\">\n\t\t\t\t\t\t\t\t\tAn\u00e1lise detalhada da carteira e fase do empreendimento com o objetivo de organiza\u00e7\u00e3o de informa\u00e7\u00f5es para acesso ao Mercado de Capitais\t\t\t\t\t\t\t\t<\/div>\n\t\t\t\t<div class=\"elementor-element elementor-element-6062d54 elementor-widget__width-initial elementor-widget elementor-widget-text-editor\" data-id=\"6062d54\" data-element_type=\"widget\" data-e-type=\"widget\" data-widget_type=\"text-editor.default\">\n\t\t\t\t\t\t\t\t\tAuditoria financeira e jur\u00eddica\t\t\t\t\t\t\t\t<\/div>\n\t\t\t\t<div class=\"elementor-element elementor-element-1840411 elementor-widget__width-initial elementor-widget elementor-widget-text-editor\" data-id=\"1840411\" data-element_type=\"widget\" data-e-type=\"widget\" data-widget_type=\"text-editor.default\">\n\t\t\t\t\t\t\t\t\tEspelhamento\t\t\t\t\t\t\t\t<\/div>\n\t\t\t\t<div class=\"elementor-element elementor-element-2278ca9 elementor-widget__width-initial elementor-widget elementor-widget-text-editor\" data-id=\"2278ca9\" data-element_type=\"widget\" data-e-type=\"widget\" data-widget_type=\"text-editor.default\">\n\t\t\t\t\t\t\t\t\tMonitoramento da raz\u00e3o de garantia\t\t\t\t\t\t\t\t<\/div>\n\t\t\t\t\t<\/div>\n\t\t\t\t<\/div>\n\t\t\t\t<\/div>\n\t\t","protected":false},"excerpt":{"rendered":"<p>Solu\u00e7\u00f5es completas para cada etapa do ciclo imobili\u00e1rio Da auditoria de contratos \u00e0 cobran\u00e7a e relacionamento com o cliente, a Arke atua em todas as fases do cr\u00e9dito imobili\u00e1rio. FALE CONOSCO 1 Plataforma para Gest\u00e3o de Carteira de Receb\u00edveis Gest\u00e3o completa da Carteira com Dashboard de acompanhamento em tempo realConta Digital espec\u00edfica para cada empreendimento [&hellip;]<\/p>\n","protected":false},"author":2,"featured_media":0,"parent":0,"menu_order":0,"comment_status":"closed","ping_status":"closed","template":"elementor_header_footer","meta":{"footnotes":""},"class_list":["post-248","page","type-page","status-publish","hentry"],"_links":{"self":[{"href":"https:\/\/e-arke.com\/index.php?rest_route=\/wp\/v2\/pages\/248","targetHints":{"allow":["GET"]}}],"collection":[{"href":"https:\/\/e-arke.com\/index.php?rest_route=\/wp\/v2\/pages"}],"about":[{"href":"https:\/\/e-arke.com\/index.php?rest_route=\/wp\/v2\/types\/page"}],"author":[{"embeddable":true,"href":"https:\/\/e-arke.com\/index.php?rest_route=\/wp\/v2\/users\/2"}],"replies":[{"embeddable":true,"href":"https:\/\/e-arke.com\/index.php?rest_route=%2Fwp%2Fv2%2Fcomments&post=248"}],"version-history":[{"count":61,"href":"https:\/\/e-arke.com\/index.php?rest_route=\/wp\/v2\/pages\/248\/revisions"}],"predecessor-version":[{"id":455,"href":"https:\/\/e-arke.com\/index.php?rest_route=\/wp\/v2\/pages\/248\/revisions\/455"}],"wp:attachment":[{"href":"https:\/\/e-arke.com\/index.php?rest_route=%2Fwp%2Fv2%2Fmedia&parent=248"}],"curies":[{"name":"wp","href":"https:\/\/api.w.org\/{rel}","templated":true}]}}