{"id":375,"date":"2025-12-24T13:21:46","date_gmt":"2025-12-24T16:21:46","guid":{"rendered":"https:\/\/e-arke.com\/?page_id=375"},"modified":"2026-01-09T17:14:26","modified_gmt":"2026-01-09T20:14:26","slug":"socios","status":"publish","type":"page","link":"https:\/\/e-arke.com\/?page_id=375","title":{"rendered":"S\u00f3cios"},"content":{"rendered":"\t\t<div data-elementor-type=\"wp-page\" data-elementor-id=\"375\" class=\"elementor elementor-375\" data-elementor-post-type=\"page\">\n\t\t\t\t<div class=\"elementor-element elementor-element-670346e e-flex e-con-boxed e-con e-parent\" data-id=\"670346e\" data-element_type=\"container\" data-e-type=\"container\">\n\t\t\t\t\t<div class=\"e-con-inner\">\n\t\t<div class=\"elementor-element elementor-element-12f4e55 e-con-full e-flex e-con e-child\" data-id=\"12f4e55\" data-element_type=\"container\" data-e-type=\"container\">\n\t\t\t\t<div class=\"elementor-element elementor-element-ce00d65 elementor-widget elementor-widget-image-box\" data-id=\"ce00d65\" data-element_type=\"widget\" data-e-type=\"widget\" data-widget_type=\"image-box.default\">\n\t\t\t\t\t<div class=\"elementor-image-box-wrapper\"><div class=\"elementor-image-box-content\"><h3 class=\"elementor-image-box-title\">Leonardo Paranagu\u00e1<\/h3><p class=\"elementor-image-box-description\">DIRETOR FINANCEIRO E ESTRAT\u00c9GICO<\/p><\/div><\/div>\t\t\t\t<\/div>\n\t\t\t\t<div class=\"elementor-element elementor-element-a3f73a4 elementor-widget elementor-widget-image-box\" data-id=\"a3f73a4\" data-element_type=\"widget\" data-e-type=\"widget\" data-widget_type=\"image-box.default\">\n\t\t\t\t\t<div class=\"elementor-image-box-wrapper\"><div class=\"elementor-image-box-content\"><p class=\"elementor-image-box-description\">Formado em engenharia mec\u00e2nica pela USP. Vasta e consolidada experi\u00eancia no mercado imobili\u00e1rio e de capitais.<\/p><\/div><\/div>\t\t\t\t<\/div>\n\t\t\t\t<\/div>\n\t\t\t\t<div class=\"elementor-element elementor-element-3ec030e elementor-widget__width-initial elementor-widget elementor-widget-heading\" data-id=\"3ec030e\" data-element_type=\"widget\" data-e-type=\"widget\" data-widget_type=\"heading.default\">\n\t\t\t\t\t<h2 class=\"elementor-heading-title elementor-size-default\">S\u00f3cios<\/h2>\t\t\t\t<\/div>\n\t\t<div class=\"elementor-element elementor-element-292de8b e-con-full e-flex e-con e-child\" data-id=\"292de8b\" data-element_type=\"container\" data-e-type=\"container\">\n\t\t\t\t<div class=\"elementor-element elementor-element-1f45cc2 elementor-widget elementor-widget-image\" data-id=\"1f45cc2\" data-element_type=\"widget\" data-e-type=\"widget\" data-widget_type=\"image.default\">\n\t\t\t\t\t\t\t\t\t\t\t\t\t\t\t<img fetchpriority=\"high\" decoding=\"async\" width=\"762\" height=\"762\" src=\"https:\/\/e-arke.com\/wp-content\/uploads\/2025\/12\/Rectangle-118.png\" class=\"attachment-full size-full wp-image-380\" alt=\"\" srcset=\"https:\/\/e-arke.com\/wp-content\/uploads\/2025\/12\/Rectangle-118.png 762w, https:\/\/e-arke.com\/wp-content\/uploads\/2025\/12\/Rectangle-118-300x300.png 300w, https:\/\/e-arke.com\/wp-content\/uploads\/2025\/12\/Rectangle-118-150x150.png 150w\" sizes=\"(max-width: 762px) 100vw, 762px\" \/>\t\t\t\t\t\t\t\t\t\t\t\t\t\t\t<\/div>\n\t\t\t\t<\/div>\n\t\t<div class=\"elementor-element elementor-element-f0e1e99 e-con-full e-flex e-con e-child\" data-id=\"f0e1e99\" data-element_type=\"container\" data-e-type=\"container\">\n\t\t\t\t<div class=\"elementor-element elementor-element-5b459ea elementor-widget elementor-widget-image\" data-id=\"5b459ea\" data-element_type=\"widget\" data-e-type=\"widget\" data-widget_type=\"image.default\">\n\t\t\t\t\t\t\t\t\t\t\t\t\t\t\t<img decoding=\"async\" width=\"762\" height=\"762\" data-src=\"https:\/\/e-arke.com\/wp-content\/uploads\/2025\/12\/Rectangle-119.png\" class=\"attachment-full size-full wp-image-381 lazyload\" alt=\"\" data-srcset=\"https:\/\/e-arke.com\/wp-content\/uploads\/2025\/12\/Rectangle-119.png 762w, https:\/\/e-arke.com\/wp-content\/uploads\/2025\/12\/Rectangle-119-300x300.png 300w, https:\/\/e-arke.com\/wp-content\/uploads\/2025\/12\/Rectangle-119-150x150.png 150w\" data-sizes=\"(max-width: 762px) 100vw, 762px\" src=\"data:image\/svg+xml;base64,PHN2ZyB3aWR0aD0iMSIgaGVpZ2h0PSIxIiB4bWxucz0iaHR0cDovL3d3dy53My5vcmcvMjAwMC9zdmciPjwvc3ZnPg==\" style=\"--smush-placeholder-width: 762px; --smush-placeholder-aspect-ratio: 762\/762;\" \/>\t\t\t\t\t\t\t\t\t\t\t\t\t\t\t<\/div>\n\t\t\t\t<\/div>\n\t\t<div class=\"elementor-element elementor-element-32eaa5d e-con-full e-flex e-con e-child\" data-id=\"32eaa5d\" data-element_type=\"container\" data-e-type=\"container\">\n\t\t\t\t<div class=\"elementor-element elementor-element-51e2db3 elementor-widget elementor-widget-image-box\" data-id=\"51e2db3\" data-element_type=\"widget\" data-e-type=\"widget\" data-widget_type=\"image-box.default\">\n\t\t\t\t\t<div class=\"elementor-image-box-wrapper\"><div class=\"elementor-image-box-content\"><h3 class=\"elementor-image-box-title\">Camila Delfino<\/h3><p class=\"elementor-image-box-description\">DIRETORA DE OPERA\u00c7\u00d5ES E RH<\/p><\/div><\/div>\t\t\t\t<\/div>\n\t\t\t\t<div class=\"elementor-element elementor-element-a437405 elementor-widget elementor-widget-image-box\" data-id=\"a437405\" data-element_type=\"widget\" data-e-type=\"widget\" data-widget_type=\"image-box.default\">\n\t\t\t\t\t<div class=\"elementor-image-box-wrapper\"><div class=\"elementor-image-box-content\"><p class=\"elementor-image-box-description\">Advogada especializada em mercado imobili\u00e1rio, com 14 anos de experi\u00eancia na \u00e1rea. Ranqueada como uma das advogadas mais admiradas do Brasil pela prestigiada revista An\u00e1lise Editorial em 2022 e 2023.<\/p><\/div><\/div>\t\t\t\t<\/div>\n\t\t\t\t<\/div>\n\t\t\t\t\t<\/div>\n\t\t\t\t<\/div>\n\t\t<div class=\"elementor-element elementor-element-0f8b724 e-flex e-con-boxed e-con e-parent\" data-id=\"0f8b724\" data-element_type=\"container\" data-e-type=\"container\">\n\t\t\t\t\t<div class=\"e-con-inner\">\n\t\t<div class=\"elementor-element elementor-element-e63aa12 e-con-full e-flex e-con e-child\" data-id=\"e63aa12\" data-element_type=\"container\" data-e-type=\"container\">\n\t\t\t\t<div class=\"elementor-element elementor-element-16c2abf elementor-widget elementor-widget-image-box\" data-id=\"16c2abf\" data-element_type=\"widget\" data-e-type=\"widget\" data-widget_type=\"image-box.default\">\n\t\t\t\t\t<div class=\"elementor-image-box-wrapper\"><div class=\"elementor-image-box-content\"><h3 class=\"elementor-image-box-title\">Gabriella Pinheiro<\/h3><p class=\"elementor-image-box-description\">DIRETORA JUR\u00cdDICA<\/p><\/div><\/div>\t\t\t\t<\/div>\n\t\t\t\t<div class=\"elementor-element elementor-element-d292fc4 elementor-widget elementor-widget-image-box\" data-id=\"d292fc4\" data-element_type=\"widget\" data-e-type=\"widget\" data-widget_type=\"image-box.default\">\n\t\t\t\t\t<div class=\"elementor-image-box-wrapper\"><div class=\"elementor-image-box-content\"><p class=\"elementor-image-box-description\">Advogada com mais de 15 anos de experi\u00eancia na \u00e1rea. Especialista em Direito Imobili\u00e1rio pela Mackenzie e graduanda em Psicologia pela USJT, com projetos nas \u00e1reas de Psicologia Organizacional e de Gest\u00e3o Corporativa.<\/p><\/div><\/div>\t\t\t\t<\/div>\n\t\t\t\t<\/div>\n\t\t<div class=\"elementor-element elementor-element-48c4411 e-con-full e-flex e-con e-child\" data-id=\"48c4411\" data-element_type=\"container\" data-e-type=\"container\">\n\t\t\t\t<div class=\"elementor-element elementor-element-182660a elementor-widget elementor-widget-image\" data-id=\"182660a\" data-element_type=\"widget\" data-e-type=\"widget\" data-widget_type=\"image.default\">\n\t\t\t\t\t\t\t\t\t\t\t\t\t\t\t<img decoding=\"async\" width=\"762\" height=\"762\" data-src=\"https:\/\/e-arke.com\/wp-content\/uploads\/2025\/12\/Rectangle-120.png\" class=\"attachment-full size-full wp-image-382 lazyload\" alt=\"\" data-srcset=\"https:\/\/e-arke.com\/wp-content\/uploads\/2025\/12\/Rectangle-120.png 762w, https:\/\/e-arke.com\/wp-content\/uploads\/2025\/12\/Rectangle-120-300x300.png 300w, https:\/\/e-arke.com\/wp-content\/uploads\/2025\/12\/Rectangle-120-150x150.png 150w\" data-sizes=\"(max-width: 762px) 100vw, 762px\" src=\"data:image\/svg+xml;base64,PHN2ZyB3aWR0aD0iMSIgaGVpZ2h0PSIxIiB4bWxucz0iaHR0cDovL3d3dy53My5vcmcvMjAwMC9zdmciPjwvc3ZnPg==\" style=\"--smush-placeholder-width: 762px; --smush-placeholder-aspect-ratio: 762\/762;\" \/>\t\t\t\t\t\t\t\t\t\t\t\t\t\t\t<\/div>\n\t\t\t\t<\/div>\n\t\t\t\t\t<\/div>\n\t\t\t\t<\/div>\n\t\t<div class=\"elementor-element elementor-element-03442e0 e-flex e-con-boxed e-con e-parent\" data-id=\"03442e0\" data-element_type=\"container\" data-e-type=\"container\" data-settings=\"{&quot;background_background&quot;:&quot;classic&quot;}\">\n\t\t\t\t\t<div class=\"e-con-inner\">\n\t\t<div class=\"elementor-element elementor-element-b84697d e-con-full e-flex e-con e-child\" data-id=\"b84697d\" data-element_type=\"container\" data-e-type=\"container\">\n\t\t\t\t<div class=\"elementor-element elementor-element-f76d54f elementor-widget elementor-widget-image-box\" data-id=\"f76d54f\" data-element_type=\"widget\" data-e-type=\"widget\" data-widget_type=\"image-box.default\">\n\t\t\t\t\t<div class=\"elementor-image-box-wrapper\"><div class=\"elementor-image-box-content\"><h3 class=\"elementor-image-box-title\">M\u00e1rcio Lobo<\/h3><p class=\"elementor-image-box-description\">DIRETOR COMERCIAL E ESTRAT\u00c9GICO<\/p><\/div><\/div>\t\t\t\t<\/div>\n\t\t\t\t<div class=\"elementor-element elementor-element-a10ee75 elementor-widget elementor-widget-image-box\" data-id=\"a10ee75\" data-element_type=\"widget\" data-e-type=\"widget\" data-widget_type=\"image-box.default\">\n\t\t\t\t\t<div class=\"elementor-image-box-wrapper\"><div class=\"elementor-image-box-content\"><p class=\"elementor-image-box-description\">\nFormado em engenharia mec\u00e2nica e p\u00f3s graduado em Finan\u00e7as pela PUC\/RJ. Mais de\n25 anos de atua\u00e7\u00e3o na \u00e1rea comercial. Atualmente \u00e9 membro do conselho de administra\u00e7\u00e3o\nem 5 companhias.<\/p><\/div><\/div>\t\t\t\t<\/div>\n\t\t\t\t<\/div>\n\t\t<div class=\"elementor-element elementor-element-329de6c e-con-full e-flex e-con e-child\" data-id=\"329de6c\" data-element_type=\"container\" data-e-type=\"container\">\n\t\t\t\t<div class=\"elementor-element elementor-element-4cfa8db elementor-widget elementor-widget-image\" data-id=\"4cfa8db\" data-element_type=\"widget\" data-e-type=\"widget\" data-widget_type=\"image.default\">\n\t\t\t\t\t\t\t\t\t\t\t\t\t\t\t<img decoding=\"async\" width=\"762\" height=\"762\" data-src=\"https:\/\/e-arke.com\/wp-content\/uploads\/2025\/12\/Rectangle-121.png\" class=\"attachment-full size-full wp-image-383 lazyload\" alt=\"\" data-srcset=\"https:\/\/e-arke.com\/wp-content\/uploads\/2025\/12\/Rectangle-121.png 762w, https:\/\/e-arke.com\/wp-content\/uploads\/2025\/12\/Rectangle-121-300x300.png 300w, https:\/\/e-arke.com\/wp-content\/uploads\/2025\/12\/Rectangle-121-150x150.png 150w\" data-sizes=\"(max-width: 762px) 100vw, 762px\" src=\"data:image\/svg+xml;base64,PHN2ZyB3aWR0aD0iMSIgaGVpZ2h0PSIxIiB4bWxucz0iaHR0cDovL3d3dy53My5vcmcvMjAwMC9zdmciPjwvc3ZnPg==\" style=\"--smush-placeholder-width: 762px; --smush-placeholder-aspect-ratio: 762\/762;\" \/>\t\t\t\t\t\t\t\t\t\t\t\t\t\t\t<\/div>\n\t\t\t\t<\/div>\n\t\t<div class=\"elementor-element elementor-element-90e7749 e-con-full e-flex e-con e-child\" data-id=\"90e7749\" data-element_type=\"container\" data-e-type=\"container\">\n\t\t\t\t<div class=\"elementor-element elementor-element-0b9cd76 elementor-widget elementor-widget-image\" data-id=\"0b9cd76\" data-element_type=\"widget\" data-e-type=\"widget\" data-widget_type=\"image.default\">\n\t\t\t\t\t\t\t\t\t\t\t\t\t\t\t<img decoding=\"async\" width=\"762\" height=\"762\" data-src=\"https:\/\/e-arke.com\/wp-content\/uploads\/2025\/12\/Rectangle-122.png\" class=\"attachment-full size-full wp-image-384 lazyload\" alt=\"\" data-srcset=\"https:\/\/e-arke.com\/wp-content\/uploads\/2025\/12\/Rectangle-122.png 762w, https:\/\/e-arke.com\/wp-content\/uploads\/2025\/12\/Rectangle-122-300x300.png 300w, https:\/\/e-arke.com\/wp-content\/uploads\/2025\/12\/Rectangle-122-150x150.png 150w\" data-sizes=\"(max-width: 762px) 100vw, 762px\" src=\"data:image\/svg+xml;base64,PHN2ZyB3aWR0aD0iMSIgaGVpZ2h0PSIxIiB4bWxucz0iaHR0cDovL3d3dy53My5vcmcvMjAwMC9zdmciPjwvc3ZnPg==\" style=\"--smush-placeholder-width: 762px; --smush-placeholder-aspect-ratio: 762\/762;\" \/>\t\t\t\t\t\t\t\t\t\t\t\t\t\t\t<\/div>\n\t\t\t\t<\/div>\n\t\t<div class=\"elementor-element elementor-element-3458265 e-con-full e-flex e-con e-child\" data-id=\"3458265\" data-element_type=\"container\" data-e-type=\"container\">\n\t\t\t\t<div class=\"elementor-element elementor-element-e4496d6 elementor-widget elementor-widget-image-box\" data-id=\"e4496d6\" data-element_type=\"widget\" data-e-type=\"widget\" data-widget_type=\"image-box.default\">\n\t\t\t\t\t<div class=\"elementor-image-box-wrapper\"><div class=\"elementor-image-box-content\"><h3 class=\"elementor-image-box-title\">Felipe Bonani<\/h3><p class=\"elementor-image-box-description\">DIRETOR DE TECNOLOGIA.<\/p><\/div><\/div>\t\t\t\t<\/div>\n\t\t\t\t<div class=\"elementor-element elementor-element-49dd2d3 elementor-widget elementor-widget-image-box\" data-id=\"49dd2d3\" data-element_type=\"widget\" data-e-type=\"widget\" data-widget_type=\"image-box.default\">\n\t\t\t\t\t<div class=\"elementor-image-box-wrapper\"><div class=\"elementor-image-box-content\"><p class=\"elementor-image-box-description\">Empreendedor de tecnologia com mais de 10 anos de experi\u00eancia em digitaliza\u00e7\u00e3o e automa\u00e7\u00e3o. Fundador e CTO da Fliper, um agregador de investimentos e servi\u00e7os banc\u00e1rios, empresa adquirida pela XP Investimentos.<\/p><\/div><\/div>\t\t\t\t<\/div>\n\t\t\t\t<\/div>\n\t\t\t\t\t<\/div>\n\t\t\t\t<\/div>\n\t\t\t\t<\/div>\n\t\t","protected":false},"excerpt":{"rendered":"<p>Leonardo Paranagu\u00e1 DIRETOR FINANCEIRO E ESTRAT\u00c9GICO Formado em engenharia mec\u00e2nica pela USP. Vasta e consolidada experi\u00eancia no mercado imobili\u00e1rio e de capitais. S\u00f3cios Camila Delfino DIRETORA DE OPERA\u00c7\u00d5ES E RH Advogada especializada em mercado imobili\u00e1rio, com 14 anos de experi\u00eancia na \u00e1rea. Ranqueada como uma das advogadas mais admiradas do Brasil pela prestigiada revista An\u00e1lise [&hellip;]<\/p>\n","protected":false},"author":2,"featured_media":0,"parent":0,"menu_order":0,"comment_status":"closed","ping_status":"closed","template":"elementor_header_footer","meta":{"footnotes":""},"class_list":["post-375","page","type-page","status-publish","hentry"],"_links":{"self":[{"href":"https:\/\/e-arke.com\/index.php?rest_route=\/wp\/v2\/pages\/375","targetHints":{"allow":["GET"]}}],"collection":[{"href":"https:\/\/e-arke.com\/index.php?rest_route=\/wp\/v2\/pages"}],"about":[{"href":"https:\/\/e-arke.com\/index.php?rest_route=\/wp\/v2\/types\/page"}],"author":[{"embeddable":true,"href":"https:\/\/e-arke.com\/index.php?rest_route=\/wp\/v2\/users\/2"}],"replies":[{"embeddable":true,"href":"https:\/\/e-arke.com\/index.php?rest_route=%2Fwp%2Fv2%2Fcomments&post=375"}],"version-history":[{"count":49,"href":"https:\/\/e-arke.com\/index.php?rest_route=\/wp\/v2\/pages\/375\/revisions"}],"predecessor-version":[{"id":496,"href":"https:\/\/e-arke.com\/index.php?rest_route=\/wp\/v2\/pages\/375\/revisions\/496"}],"wp:attachment":[{"href":"https:\/\/e-arke.com\/index.php?rest_route=%2Fwp%2Fv2%2Fmedia&parent=375"}],"curies":[{"name":"wp","href":"https:\/\/api.w.org\/{rel}","templated":true}]}}